{"id":21,"date":"2015-02-22T20:09:33","date_gmt":"2015-02-22T20:09:33","guid":{"rendered":"http:\/\/wp\/enfold-medium-business\/?page_id=21"},"modified":"2022-06-20T19:39:26","modified_gmt":"2022-06-20T17:39:26","slug":"contact","status":"publish","type":"page","link":"https:\/\/realisation-video-publicitaire.com\/index.php\/contact\/","title":{"rendered":"Contact \/ Devis"},"content":{"rendered":"\n<style type=\"text\/css\" data-created_by=\"avia_inline_auto\" id=\"style-css-av-gykkl-a2c83af4fd70f38348d65d22a6d66178\">\n.avia-section.av-gykkl-a2c83af4fd70f38348d65d22a6d66178{\nbackground-color:#0a0a0a;\n}\n.avia-section.av-gykkl-a2c83af4fd70f38348d65d22a6d66178 .av-section-color-overlay{\nopacity:0.7;\n}\n<\/style>\n<div id='av_section_1'  class='avia-section av-gykkl-a2c83af4fd70f38348d65d22a6d66178 main_color avia-section-small avia-no-border-styling  avia-builder-el-0  el_before_av_section  avia-builder-el-first  avia-bg-style-parallax av-section-color-overlay-active av-minimum-height av-minimum-height-25  container_wrap sidebar_right'   data-av_minimum_height_pc='25'><div class=\"av-section-color-overlay-wrap\"><div class=\"av-section-color-overlay\"><\/div><div class='container av-section-cont-open' ><main  role=\"main\" itemprop=\"mainContentOfPage\"  class='template-page content  av-content-small alpha units'><div class='post-entry post-entry-type-page post-entry-21'><div class='entry-content-wrapper clearfix'>\n<div class='flex_column av-gjm59-bed45a7d0907935f1f94e4493ed35d76 av_one_fifth  avia-builder-el-1  el_before_av_three_fifth  avia-builder-el-first  first flex_column_div '   ><\/div><div class='flex_column av-fsbfh-d4fec129fe6ca83d70e5ce0b89d970bb av_three_fifth  avia-builder-el-2  el_after_av_one_fifth  el_before_av_one_fifth  flex_column_div '   ><p>\n<style type=\"text\/css\" data-created_by=\"avia_inline_auto\" id=\"style-css-av-l4n0vcve-68d0b43f21dbeda348cd3f4c6aa456af\">\n#top .av-special-heading.av-l4n0vcve-68d0b43f21dbeda348cd3f4c6aa456af{\npadding-bottom:10px;\ncolor:#ffffff;\nfont-size:40px;\n}\nbody .av-special-heading.av-l4n0vcve-68d0b43f21dbeda348cd3f4c6aa456af .av-special-heading-tag .heading-char{\nfont-size:25px;\n}\n#top #wrap_all .av-special-heading.av-l4n0vcve-68d0b43f21dbeda348cd3f4c6aa456af .av-special-heading-tag{\nfont-size:40px;\n}\n.av-special-heading.av-l4n0vcve-68d0b43f21dbeda348cd3f4c6aa456af .special-heading-inner-border{\nborder-color:#ffffff;\n}\n.av-special-heading.av-l4n0vcve-68d0b43f21dbeda348cd3f4c6aa456af .av-subheading{\nfont-size:25px;\n}\n<\/style>\n<div  class='av-special-heading av-l4n0vcve-68d0b43f21dbeda348cd3f4c6aa456af av-special-heading-h1 custom-color-heading blockquote modern-quote modern-centered  avia-builder-el-3  el_before_av_hr  avia-builder-el-first  av-inherit-size'><h1 class='av-special-heading-tag'  itemprop=\"headline\"  >Un futur projet vid\u00e9o ?  <\/h1><div class='av_custom_color av-subheading av-subheading_below'><p>N\u2019h\u00e9sitez pas \u00e0 me contacter !<\/p>\n<\/div><div class=\"special-heading-border\"><div class=\"special-heading-inner-border\"><\/div><\/div><\/div><br \/>\n\n<style type=\"text\/css\" data-created_by=\"avia_inline_auto\" id=\"style-css-av-efr4l-68dbdee0cf4a43c274a0de279e7011cc\">\n#top .hr.av-efr4l-68dbdee0cf4a43c274a0de279e7011cc{\nmargin-top:40px;\nmargin-bottom:40px;\n}\n.hr.av-efr4l-68dbdee0cf4a43c274a0de279e7011cc .hr-inner{\nwidth:50px;\nborder-color:#ffffff;\n}\n<\/style>\n<div  class='hr av-efr4l-68dbdee0cf4a43c274a0de279e7011cc hr-custom  avia-builder-el-4  el_after_av_heading  avia-builder-el-last  hr-center hr-icon-no'><span class='hr-inner inner-border-av-border-fat'><span class=\"hr-inner-style\"><\/span><\/span><\/div><\/p><\/div><div class='flex_column av-ea241-ba500c203e2412ef9a06f36126182597 av_one_fifth  avia-builder-el-5  el_after_av_three_fifth  avia-builder-el-last  flex_column_div '   ><\/div><\/div><\/div><\/main><!-- close content main element --><\/div><\/div><\/div><div id='av_section_2'  class='avia-section av-293gl-156ae85ff9283857c9414958c594b773 main_color avia-section-default avia-no-border-styling  avia-builder-el-6  el_after_av_section  avia-builder-el-last  avia-bg-style-scroll container_wrap sidebar_right'  ><div class='container av-section-cont-open' ><div class='template-page content  av-content-small alpha units'><div class='post-entry post-entry-type-page post-entry-21'><div class='entry-content-wrapper clearfix'>\n\n<style type=\"text\/css\" data-created_by=\"avia_inline_auto\" id=\"style-css-av-1izc5-fe2dffe812877a1d1f37f07aa07a9d5c\">\n.flex_column.av-1izc5-fe2dffe812877a1d1f37f07aa07a9d5c{\nborder-radius:0px 0px 0px 0px;\n-webkit-border-radius:0px 0px 0px 0px;\n-moz-border-radius:0px 0px 0px 0px;\n}\n<\/style>\n<div class='flex_column av-1izc5-fe2dffe812877a1d1f37f07aa07a9d5c av_three_fifth  avia-builder-el-7  el_before_av_two_fifth  avia-builder-el-first  first flex_column_div av-zero-column-padding '   ><\/div>\n<style type=\"text\/css\" data-created_by=\"avia_inline_auto\" id=\"style-css-av-3uad-c2e4aea3a39b3872c72acc0329ff8707\">\n.flex_column.av-3uad-c2e4aea3a39b3872c72acc0329ff8707{\nborder-radius:0px 0px 0px 0px;\n-webkit-border-radius:0px 0px 0px 0px;\n-moz-border-radius:0px 0px 0px 0px;\n}\n<\/style>\n<div class='flex_column av-3uad-c2e4aea3a39b3872c72acc0329ff8707 av_two_fifth  avia-builder-el-9  el_after_av_three_fifth  avia-builder-el-last  flex_column_div av-zero-column-padding '   ><p>\n<style type=\"text\/css\" data-created_by=\"avia_inline_auto\" id=\"style-css-av-joprmb10-aa92d7e45d18fd46e28158b8cdb98d56\">\n#top .av_textblock_section.av-joprmb10-aa92d7e45d18fd46e28158b8cdb98d56 .avia_textblock{\ncolor:#0a0a0a;\n}\n<\/style>\n<section  class='av_textblock_section av-joprmb10-aa92d7e45d18fd46e28158b8cdb98d56'  itemscope=\"itemscope\" itemtype=\"https:\/\/schema.org\/CreativeWork\" ><div class='avia_textblock av_inherit_color'  itemprop=\"text\" ><p><span style=\"font-size: 14pt;\">Suivez-moi sur les r\u00e9seaux sociaux !<\/span><\/p>\n<\/div><\/section><br \/>\n<section  class='av_textblock_section av-joprie9k-ad725b056b4b607d3ac093c13e858fed'  itemscope=\"itemscope\" itemtype=\"https:\/\/schema.org\/CreativeWork\" ><div class='avia_textblock'  itemprop=\"text\" ><p>\n<style type=\"text\/css\" data-created_by=\"avia_inline_auto\" id=\"style-css-av-m6cic-3054a1c06a74ed90ab480e1f9abc7c83\">\n.av_font_icon.av-m6cic-3054a1c06a74ed90ab480e1f9abc7c83{\ncolor:#000;\nborder-color:#000;\n}\n.av_font_icon.av-m6cic-3054a1c06a74ed90ab480e1f9abc7c83 .av-icon-char{\nfont-size:40px;\nline-height:40px;\n}\n<\/style>\n<span  class='av_font_icon av-m6cic-3054a1c06a74ed90ab480e1f9abc7c83 avia_animate_when_visible av-icon-style- avia-icon-pos-left avia-icon-animate'><a href='https:\/\/www.facebook.com\/realisationvideopublicitaireetsiteinternet\/' target=\"_blank\" rel=\"noopener noreferrer\" class='av-icon-char' aria-hidden='true' data-av_icon='\ue8f4' data-av_iconfont='entypo-fontello'><\/a><\/span>\n<style type=\"text\/css\" data-created_by=\"avia_inline_auto\" id=\"style-css-av-f2724-b7cc8476c64a0d9d51ed17e44cd09c3a\">\n.av_font_icon.av-f2724-b7cc8476c64a0d9d51ed17e44cd09c3a{\ncolor:#000;\nborder-color:#000;\n}\n.av_font_icon.av-f2724-b7cc8476c64a0d9d51ed17e44cd09c3a .av-icon-char{\nfont-size:40px;\nline-height:40px;\n}\n<\/style>\n<span  class='av_font_icon av-f2724-b7cc8476c64a0d9d51ed17e44cd09c3a avia_animate_when_visible av-icon-style- avia-icon-pos-left avia-icon-animate'><a href='https:\/\/www.youtube.com\/channel\/UCNGvnysf9MDDlwHAncQGtuQ' target=\"_blank\" rel=\"noopener noreferrer\" class='av-icon-char' aria-hidden='true' data-av_icon='\ue921' data-av_iconfont='entypo-fontello'><\/a><\/span>\n<style type=\"text\/css\" data-created_by=\"avia_inline_auto\" id=\"style-css-av-71f84-10ed30d4ef78c5627f52ba5b2edab5ed\">\n.av_font_icon.av-71f84-10ed30d4ef78c5627f52ba5b2edab5ed{\ncolor:#000;\nborder-color:#000;\n}\n.av_font_icon.av-71f84-10ed30d4ef78c5627f52ba5b2edab5ed .av-icon-char{\nfont-size:40px;\nline-height:40px;\n}\n<\/style>\n<span  class='av_font_icon av-71f84-10ed30d4ef78c5627f52ba5b2edab5ed avia_animate_when_visible av-icon-style- avia-icon-pos-left avia-icon-animate'><a href='https:\/\/www.instagram.com\/delporte.julie\/' target=\"_blank\" rel=\"noopener noreferrer\" class='av-icon-char' aria-hidden='true' data-av_icon='\ue909' data-av_iconfont='entypo-fontello'><\/a><\/span><\/p>\n<\/div><\/section><\/p><\/div>\n<\/div><\/div><\/div><!-- close content main div --><\/div><\/div><div id='after_section_2'  class='main_color av_default_container_wrap container_wrap sidebar_right'  ><div class='container av-section-cont-open' ><div class='template-page content  av-content-small alpha units'><div class='post-entry post-entry-type-page post-entry-21'><div class='entry-content-wrapper clearfix'><\/p>\n","protected":false},"excerpt":{"rendered":"","protected":false},"author":1,"featured_media":0,"parent":0,"menu_order":0,"comment_status":"open","ping_status":"closed","template":"","meta":{"om_disable_all_campaigns":false,"_monsterinsights_skip_tracking":false,"_monsterinsights_sitenote_active":false,"_monsterinsights_sitenote_note":"","_monsterinsights_sitenote_category":0,"_uf_show_specific_survey":0,"_uf_disable_surveys":false,"footnotes":""},"aioseo_notices":[],"yoast_head":"<!-- This site is optimized with the Yoast SEO plugin v22.3 - https:\/\/yoast.com\/wordpress\/plugins\/seo\/ -->\n<title>Contact \/ Devis - R\u00e9alisation vid\u00e9o publicitaire<\/title>\n<meta name=\"robots\" content=\"index, follow, max-snippet:-1, max-image-preview:large, max-video-preview:-1\" \/>\n<link rel=\"canonical\" href=\"https:\/\/realisation-video-publicitaire.com\/index.php\/contact\/\" \/>\n<meta property=\"og:locale\" content=\"fr_FR\" \/>\n<meta property=\"og:type\" content=\"article\" \/>\n<meta property=\"og:title\" content=\"Contact \/ Devis - R\u00e9alisation vid\u00e9o publicitaire\" \/>\n<meta property=\"og:url\" content=\"https:\/\/realisation-video-publicitaire.com\/index.php\/contact\/\" \/>\n<meta property=\"og:site_name\" content=\"R\u00e9alisation vid\u00e9o publicitaire\" \/>\n<meta property=\"article:modified_time\" content=\"2022-06-20T17:39:26+00:00\" \/>\n<meta name=\"twitter:card\" content=\"summary_large_image\" \/>\n<meta name=\"twitter:label1\" content=\"Dur\u00e9e de lecture estim\u00e9e\" \/>\n\t<meta name=\"twitter:data1\" content=\"2 minutes\" \/>\n<script type=\"application\/ld+json\" class=\"yoast-schema-graph\">{\"@context\":\"https:\/\/schema.org\",\"@graph\":[{\"@type\":\"WebPage\",\"@id\":\"https:\/\/realisation-video-publicitaire.com\/index.php\/contact\/\",\"url\":\"https:\/\/realisation-video-publicitaire.com\/index.php\/contact\/\",\"name\":\"Contact \/ Devis - R\u00e9alisation vid\u00e9o publicitaire\",\"isPartOf\":{\"@id\":\"https:\/\/realisation-video-publicitaire.com\/#website\"},\"datePublished\":\"2015-02-22T20:09:33+00:00\",\"dateModified\":\"2022-06-20T17:39:26+00:00\",\"breadcrumb\":{\"@id\":\"https:\/\/realisation-video-publicitaire.com\/index.php\/contact\/#breadcrumb\"},\"inLanguage\":\"fr-FR\",\"potentialAction\":[{\"@type\":\"ReadAction\",\"target\":[\"https:\/\/realisation-video-publicitaire.com\/index.php\/contact\/\"]}]},{\"@type\":\"BreadcrumbList\",\"@id\":\"https:\/\/realisation-video-publicitaire.com\/index.php\/contact\/#breadcrumb\",\"itemListElement\":[{\"@type\":\"ListItem\",\"position\":1,\"name\":\"Accueil\",\"item\":\"https:\/\/realisation-video-publicitaire.com\/index.php\/accueil-2\/\"},{\"@type\":\"ListItem\",\"position\":2,\"name\":\"Contact \/ Devis\"}]},{\"@type\":\"WebSite\",\"@id\":\"https:\/\/realisation-video-publicitaire.com\/#website\",\"url\":\"https:\/\/realisation-video-publicitaire.com\/\",\"name\":\"R\u00e9alisation vid\u00e9o publicitaire\",\"description\":\"R\u00e9alisation de vid\u00e9os publicitaires\",\"potentialAction\":[{\"@type\":\"SearchAction\",\"target\":{\"@type\":\"EntryPoint\",\"urlTemplate\":\"https:\/\/realisation-video-publicitaire.com\/?s={search_term_string}\"},\"query-input\":\"required name=search_term_string\"}],\"inLanguage\":\"fr-FR\"}]}<\/script>\n<!-- \/ Yoast SEO plugin. -->","yoast_head_json":{"title":"Contact \/ Devis - R\u00e9alisation vid\u00e9o publicitaire","robots":{"index":"index","follow":"follow","max-snippet":"max-snippet:-1","max-image-preview":"max-image-preview:large","max-video-preview":"max-video-preview:-1"},"canonical":"https:\/\/realisation-video-publicitaire.com\/index.php\/contact\/","og_locale":"fr_FR","og_type":"article","og_title":"Contact \/ Devis - R\u00e9alisation vid\u00e9o publicitaire","og_url":"https:\/\/realisation-video-publicitaire.com\/index.php\/contact\/","og_site_name":"R\u00e9alisation vid\u00e9o publicitaire","article_modified_time":"2022-06-20T17:39:26+00:00","twitter_card":"summary_large_image","twitter_misc":{"Dur\u00e9e de lecture estim\u00e9e":"2 minutes"},"schema":{"@context":"https:\/\/schema.org","@graph":[{"@type":"WebPage","@id":"https:\/\/realisation-video-publicitaire.com\/index.php\/contact\/","url":"https:\/\/realisation-video-publicitaire.com\/index.php\/contact\/","name":"Contact \/ Devis - R\u00e9alisation vid\u00e9o publicitaire","isPartOf":{"@id":"https:\/\/realisation-video-publicitaire.com\/#website"},"datePublished":"2015-02-22T20:09:33+00:00","dateModified":"2022-06-20T17:39:26+00:00","breadcrumb":{"@id":"https:\/\/realisation-video-publicitaire.com\/index.php\/contact\/#breadcrumb"},"inLanguage":"fr-FR","potentialAction":[{"@type":"ReadAction","target":["https:\/\/realisation-video-publicitaire.com\/index.php\/contact\/"]}]},{"@type":"BreadcrumbList","@id":"https:\/\/realisation-video-publicitaire.com\/index.php\/contact\/#breadcrumb","itemListElement":[{"@type":"ListItem","position":1,"name":"Accueil","item":"https:\/\/realisation-video-publicitaire.com\/index.php\/accueil-2\/"},{"@type":"ListItem","position":2,"name":"Contact \/ Devis"}]},{"@type":"WebSite","@id":"https:\/\/realisation-video-publicitaire.com\/#website","url":"https:\/\/realisation-video-publicitaire.com\/","name":"R\u00e9alisation vid\u00e9o publicitaire","description":"R\u00e9alisation de vid\u00e9os publicitaires","potentialAction":[{"@type":"SearchAction","target":{"@type":"EntryPoint","urlTemplate":"https:\/\/realisation-video-publicitaire.com\/?s={search_term_string}"},"query-input":"required name=search_term_string"}],"inLanguage":"fr-FR"}]}},"_links":{"self":[{"href":"https:\/\/realisation-video-publicitaire.com\/index.php\/wp-json\/wp\/v2\/pages\/21"}],"collection":[{"href":"https:\/\/realisation-video-publicitaire.com\/index.php\/wp-json\/wp\/v2\/pages"}],"about":[{"href":"https:\/\/realisation-video-publicitaire.com\/index.php\/wp-json\/wp\/v2\/types\/page"}],"author":[{"embeddable":true,"href":"https:\/\/realisation-video-publicitaire.com\/index.php\/wp-json\/wp\/v2\/users\/1"}],"replies":[{"embeddable":true,"href":"https:\/\/realisation-video-publicitaire.com\/index.php\/wp-json\/wp\/v2\/comments?post=21"}],"version-history":[{"count":19,"href":"https:\/\/realisation-video-publicitaire.com\/index.php\/wp-json\/wp\/v2\/pages\/21\/revisions"}],"predecessor-version":[{"id":1400,"href":"https:\/\/realisation-video-publicitaire.com\/index.php\/wp-json\/wp\/v2\/pages\/21\/revisions\/1400"}],"wp:attachment":[{"href":"https:\/\/realisation-video-publicitaire.com\/index.php\/wp-json\/wp\/v2\/media?parent=21"}],"curies":[{"name":"wp","href":"https:\/\/api.w.org\/{rel}","templated":true}]}}