{"id":1080,"date":"2018-12-09T10:35:07","date_gmt":"2018-12-09T09:35:07","guid":{"rendered":"https:\/\/realisation-video-publicitaire.com\/?page_id=1080"},"modified":"2018-12-09T10:35:07","modified_gmt":"2018-12-09T09:35:07","slug":"video-evenementielle","status":"publish","type":"page","link":"https:\/\/realisation-video-publicitaire.com\/index.php\/prestations\/video-evenementielle\/","title":{"rendered":"Vid\u00e9o \u00e9v\u00e8nementielle"},"content":{"rendered":"\n<style type=\"text\/css\" data-created_by=\"avia_inline_auto\" id=\"style-css-av-9f9vwg-03d2f6064e8bf42c6ebae5cdb27f36b5\">\n.flex_column.av-9f9vwg-03d2f6064e8bf42c6ebae5cdb27f36b5{\nborder-radius:0px 0px 0px 0px;\n-webkit-border-radius:0px 0px 0px 0px;\n-moz-border-radius:0px 0px 0px 0px;\n}\n<\/style>\n<div class='flex_column av-9f9vwg-03d2f6064e8bf42c6ebae5cdb27f36b5 av_one_full  avia-builder-el-0  el_before_av_section  avia-builder-el-no-sibling  first flex_column_div av-zero-column-padding '   ><style type=\"text\/css\" data-created_by=\"avia_inline_auto\" id=\"style-css-av-jpgor911-1e79f716f8217eeba76cc83c2b95f485\">\n#top .av-special-heading.av-jpgor911-1e79f716f8217eeba76cc83c2b95f485{\npadding-bottom:10px;\nfont-size:35px;\n}\nbody .av-special-heading.av-jpgor911-1e79f716f8217eeba76cc83c2b95f485 .av-special-heading-tag .heading-char{\nfont-size:25px;\n}\n#top #wrap_all .av-special-heading.av-jpgor911-1e79f716f8217eeba76cc83c2b95f485 .av-special-heading-tag{\nfont-size:35px;\n}\n.av-special-heading.av-jpgor911-1e79f716f8217eeba76cc83c2b95f485 .av-subheading{\nfont-size:15px;\n}\n<\/style>\n<div  class='av-special-heading av-jpgor911-1e79f716f8217eeba76cc83c2b95f485 av-special-heading-h1 blockquote modern-quote  avia-builder-el-1  avia-builder-el-no-sibling  av-inherit-size'><h1 class='av-special-heading-tag'  itemprop=\"headline\"  >Vid\u00e9o \u00e9v\u00e8nementielle<\/h1><div class=\"special-heading-border\"><div class=\"special-heading-inner-border\"><\/div><\/div><\/div><\/div><\/div><\/div><\/div><!-- close content main div --><\/div><\/div><div id='av_section_1'  class='avia-section av-79xw4w-031fbaf9ab533da9a4f318198e7df6a2 main_color avia-section-no-padding avia-no-border-styling  avia-builder-el-2  el_after_av_one_full  el_before_av_hr  avia-bg-style-scroll container_wrap sidebar_right'  ><div class='container av-section-cont-open' ><div class='template-page content  av-content-small alpha units'><div class='post-entry post-entry-type-page post-entry-1080'><div class='entry-content-wrapper clearfix'>\n\n<style type=\"text\/css\" data-created_by=\"avia_inline_auto\" id=\"style-css-av-6it63k-17157bc37346ef5eef2df5fc20f7a7d0\">\n.flex_column.av-6it63k-17157bc37346ef5eef2df5fc20f7a7d0{\nborder-radius:0px 0px 0px 0px;\n-webkit-border-radius:0px 0px 0px 0px;\n-moz-border-radius:0px 0px 0px 0px;\n}\n<\/style>\n<div class='flex_column av-6it63k-17157bc37346ef5eef2df5fc20f7a7d0 av_three_fifth  avia-builder-el-3  el_before_av_two_fifth  avia-builder-el-first  first flex_column_div av-zero-column-padding '   ><section  class='av_textblock_section av-jpgob9vt-a80cd410280147088a85882f60592c53'  itemscope=\"itemscope\" itemtype=\"https:\/\/schema.org\/CreativeWork\" ><div class='avia_textblock'  itemprop=\"text\" ><p style=\"text-align: justify;\"><span style=\"font-size: 12pt;\"><strong>Gardez un souvenir inoubliable et dynamique de votre \u00e9v\u00e8nement et diffusez le pour gagnez en impact et s\u00e9duire vos futurs clients.<\/strong><\/span><\/p>\n<p style=\"text-align: justify;\"><span style=\"font-size: 12pt;\">Que ce soit pour un salon, un team-building, des conf\u00e9rences, une soir\u00e9e d\u2019entreprise, nous vous proposons de r\u00e9aliser la captation vid\u00e9o, le montage et la diffusion des images.<\/span><\/p>\n<\/div><\/section><\/div>\n<style type=\"text\/css\" data-created_by=\"avia_inline_auto\" id=\"style-css-av-484268-dd7631b776529ded68edae9fef54113c\">\n.flex_column.av-484268-dd7631b776529ded68edae9fef54113c{\nborder-radius:0px 0px 0px 0px;\n-webkit-border-radius:0px 0px 0px 0px;\n-moz-border-radius:0px 0px 0px 0px;\n}\n<\/style>\n<div class='flex_column av-484268-dd7631b776529ded68edae9fef54113c av_two_fifth  avia-builder-el-5  el_after_av_three_fifth  avia-builder-el-last  flex_column_div av-zero-column-padding '   ><style type=\"text\/css\" data-created_by=\"avia_inline_auto\" id=\"style-css-av-1x18f4-8e763b70d4fc0e6f8521d613f9d6f9ed\">\n.avia-image-container.av-1x18f4-8e763b70d4fc0e6f8521d613f9d6f9ed .av-image-caption-overlay-center{\ncolor:#ffffff;\n}\n<\/style>\n<div  class='avia-image-container av-1x18f4-8e763b70d4fc0e6f8521d613f9d6f9ed av-styling- avia-align-center  avia-builder-el-6  avia-builder-el-no-sibling '  itemprop=\"image\" itemscope=\"itemscope\" itemtype=\"https:\/\/schema.org\/ImageObject\" ><div class=\"avia-image-container-inner\"><div class=\"avia-image-overlay-wrap\"><img class='wp-image- avia-img-lazy-loading-not- avia_image' src='https:\/\/realisation-video-publicitaire.com\/wp-content\/themes\/enfold\/config-templatebuilder\/avia-template-builder\/images\/placeholder.jpg' alt='' title=''   itemprop=\"thumbnailUrl\"  \/><\/div><\/div><\/div><\/div><\/div><\/div><\/div><!-- close content main div --><\/div><\/div><div id='after_section_1'  class='main_color av_default_container_wrap container_wrap sidebar_right'  ><div class='container av-section-cont-open' ><div class='template-page content  av-content-small alpha units'><div class='post-entry post-entry-type-page post-entry-1080'><div class='entry-content-wrapper clearfix'>\n<style type=\"text\/css\" data-created_by=\"avia_inline_auto\" id=\"style-css-av-jpgogc9u-e12d4a2781945e03a54d9a1c14bc7fbe\">\n#top .hr.hr-invisible.av-jpgogc9u-e12d4a2781945e03a54d9a1c14bc7fbe{\nheight:50px;\n}\n<\/style>\n<div  class='hr av-jpgogc9u-e12d4a2781945e03a54d9a1c14bc7fbe hr-invisible  avia-builder-el-7  el_after_av_section  el_before_av_one_third  avia-builder-el-first '><span class='hr-inner '><span class=\"hr-inner-style\"><\/span><\/span><\/div><\/p>\n\n<style type=\"text\/css\" data-created_by=\"avia_inline_auto\" id=\"style-css-av-36ijbk-f791e2e3f2229e341d2a9b1e8131c7c6\">\n.flex_column.av-36ijbk-f791e2e3f2229e341d2a9b1e8131c7c6{\nborder-radius:0px 0px 0px 0px;\n-webkit-border-radius:0px 0px 0px 0px;\n-moz-border-radius:0px 0px 0px 0px;\n}\n<\/style>\n<div class='flex_column av-36ijbk-f791e2e3f2229e341d2a9b1e8131c7c6 av_one_third  avia-builder-el-8  el_after_av_hr  el_before_av_one_third  first flex_column_div av-zero-column-padding '   ><section  class='av_textblock_section av-jpgob9vt-a80cd410280147088a85882f60592c53'  itemscope=\"itemscope\" itemtype=\"https:\/\/schema.org\/CreativeWork\" ><div class='avia_textblock'  itemprop=\"text\" ><p style=\"text-align: center;\"><span style=\"font-size: 14pt;\"><b>TEASER \/ BANDE ANNONCE<\/b><\/span><\/p>\n<p style=\"text-align: center;\"><span style=\"font-size: 12pt;\">R\u00e9alisation d&rsquo;un teaser pour annoncer votre \u00e9v\u00e9nement et informez le maximum de monde via les r\u00e9seaux sociaux\u00a0\u00a0<\/span><\/p>\n<\/div><\/section><\/div>\n<style type=\"text\/css\" data-created_by=\"avia_inline_auto\" id=\"style-css-av-36ijbk-29f77d0023b01940c201f9dc556ca032\">\n.flex_column.av-36ijbk-29f77d0023b01940c201f9dc556ca032{\nborder-radius:0px 0px 0px 0px;\n-webkit-border-radius:0px 0px 0px 0px;\n-moz-border-radius:0px 0px 0px 0px;\n}\n<\/style>\n<div class='flex_column av-36ijbk-29f77d0023b01940c201f9dc556ca032 av_one_third  avia-builder-el-10  el_after_av_one_third  el_before_av_one_third  flex_column_div av-zero-column-padding '   ><section  class='av_textblock_section av-jpgob9vt-a80cd410280147088a85882f60592c53'  itemscope=\"itemscope\" itemtype=\"https:\/\/schema.org\/CreativeWork\" ><div class='avia_textblock'  itemprop=\"text\" ><p style=\"text-align: center;\"><span style=\"font-size: 14pt;\"><b>DIFFUSION PENDANT\u00a0<\/b><\/span><span style=\"font-size: 18.6667px;\"><b>L\u2019\u00c9V\u00c9NEMENT<\/b><\/span><\/p>\n<p style=\"text-align: center;\"><span style=\"font-size: 12pt;\">Diffusion de films de pr\u00e9sentation lors de conf\u00e9rence ou de jingles, animations pour une soir\u00e9e. Nous diffusons votre vid\u00e9o pendant votre \u00e9v\u00e9nement\u00a0sur grand \u00e9cran.<\/span><\/p>\n<\/div><\/section><\/div>\n<style type=\"text\/css\" data-created_by=\"avia_inline_auto\" id=\"style-css-av-36ijbk-29f77d0023b01940c201f9dc556ca032\">\n.flex_column.av-36ijbk-29f77d0023b01940c201f9dc556ca032{\nborder-radius:0px 0px 0px 0px;\n-webkit-border-radius:0px 0px 0px 0px;\n-moz-border-radius:0px 0px 0px 0px;\n}\n<\/style>\n<div class='flex_column av-36ijbk-29f77d0023b01940c201f9dc556ca032 av_one_third  avia-builder-el-12  el_after_av_one_third  el_before_av_hr  flex_column_div av-zero-column-padding '   ><section  class='av_textblock_section av-jpgob9vt-a80cd410280147088a85882f60592c53'  itemscope=\"itemscope\" itemtype=\"https:\/\/schema.org\/CreativeWork\" ><div class='avia_textblock'  itemprop=\"text\" ><p style=\"text-align: center;\"><b><span style=\"font-size: 18.6667px;\">CAPTATION DE VOTRE \u00c9V\u00c9NEMENT<\/span><\/b><\/p>\n<p style=\"text-align: center;\"><span style=\"font-size: 12pt;\">Captation\u00a0de votre \u00e9v\u00e9nement pour conserver un souvenir et\/ou diffusion ensuite sur vos r\u00e9seaux sociaux\u00a0<\/span><\/p>\n<\/div><\/section><\/div>\n<style type=\"text\/css\" data-created_by=\"avia_inline_auto\" id=\"style-css-av-jpgogc9u-e12d4a2781945e03a54d9a1c14bc7fbe\">\n#top .hr.hr-invisible.av-jpgogc9u-e12d4a2781945e03a54d9a1c14bc7fbe{\nheight:50px;\n}\n<\/style>\n<div  class='hr av-jpgogc9u-e12d4a2781945e03a54d9a1c14bc7fbe hr-invisible  avia-builder-el-14  el_after_av_one_third  el_before_av_section  avia-builder-el-last '><span class='hr-inner '><span class=\"hr-inner-style\"><\/span><\/span><\/div><\/p>\n<\/div><\/div><\/div><!-- close content main div --><\/div><\/div>\n<style type=\"text\/css\" data-created_by=\"avia_inline_auto\" id=\"style-css-av-jpgoo86b-0bd46373488fbd3d5e83357fc83d2222\">\n.avia-section.av-jpgoo86b-0bd46373488fbd3d5e83357fc83d2222{\nbackground-color:#f7f7f7;\n}\n<\/style>\n<div id='av_section_2'  class='avia-section av-jpgoo86b-0bd46373488fbd3d5e83357fc83d2222 main_color avia-section-default avia-no-border-styling  avia-builder-el-15  el_after_av_hr  avia-builder-el-last  avia-bg-style-scroll container_wrap sidebar_right'  ><div class='container av-section-cont-open' ><div class='template-page content  av-content-small alpha units'><div class='post-entry post-entry-type-page post-entry-1080'><div class='entry-content-wrapper clearfix'>\n\n<style type=\"text\/css\" data-created_by=\"avia_inline_auto\" id=\"style-css-av-4kiipc-7e5d3f53d019b363bdef6f10b96574fa\">\n.flex_column.av-4kiipc-7e5d3f53d019b363bdef6f10b96574fa{\nborder-radius:0px 0px 0px 0px;\n-webkit-border-radius:0px 0px 0px 0px;\n-moz-border-radius:0px 0px 0px 0px;\n}\n<\/style>\n<div class='flex_column av-4kiipc-7e5d3f53d019b363bdef6f10b96574fa av_two_third  avia-builder-el-16  el_before_av_one_third  avia-builder-el-first  first flex_column_div av-zero-column-padding '   ><section  class='av_textblock_section av-jpgomeji-0ac8e88aa471be4967b7cf0fe0240549'  itemscope=\"itemscope\" itemtype=\"https:\/\/schema.org\/CreativeWork\" ><div class='avia_textblock'  itemprop=\"text\" ><p><span style=\"font-size: 12pt;\">N&rsquo;attendez vous pour faire votre vid\u00e9o ! Contactez-nous, nous vous proposerons nos meilleurs tarifs pour une vid\u00e9o de qualit\u00e9.<\/span><\/p>\n<\/div><\/section><\/div>\n<style type=\"text\/css\" data-created_by=\"avia_inline_auto\" id=\"style-css-av-2wsbao-ba04c3e27f78a8617b69bc1cd486654d\">\n.flex_column.av-2wsbao-ba04c3e27f78a8617b69bc1cd486654d{\nborder-radius:0px 0px 0px 0px;\n-webkit-border-radius:0px 0px 0px 0px;\n-moz-border-radius:0px 0px 0px 0px;\n}\n<\/style>\n<div class='flex_column av-2wsbao-ba04c3e27f78a8617b69bc1cd486654d av_one_third  avia-builder-el-18  el_after_av_two_third  avia-builder-el-last  flex_column_div av-zero-column-padding '   ><div  class='avia-button-wrap avia-button-center  avia-builder-el-19  avia-builder-el-no-sibling ' ><a href='https:\/\/realisation-video-publicitaire.com\/index.php\/contact\/'  class='avia-button av-jpgonso2-f2c5246a58abab859a08e40ccf6c558d avia-icon_select-no avia-size-large avia-position-center avia-color-theme-color' ><span class='avia_iconbox_title' >UN DEVIS<\/span><\/a><\/div><\/div>\n<\/div><\/div><\/div><!-- close content main div --><\/div><\/div><div id='after_section_2'  class='main_color av_default_container_wrap container_wrap sidebar_right'  ><div class='container av-section-cont-open' ><div class='template-page content  av-content-small alpha units'><div class='post-entry post-entry-type-page post-entry-1080'><div class='entry-content-wrapper clearfix'>\n","protected":false},"excerpt":{"rendered":"","protected":false},"author":1,"featured_media":0,"parent":1059,"menu_order":0,"comment_status":"closed","ping_status":"closed","template":"","meta":{"om_disable_all_campaigns":false,"_monsterinsights_skip_tracking":false,"_monsterinsights_sitenote_active":false,"_monsterinsights_sitenote_note":"","_monsterinsights_sitenote_category":0,"_uf_show_specific_survey":0,"_uf_disable_surveys":false,"footnotes":""},"aioseo_notices":[],"yoast_head":"<!-- This site is optimized with the Yoast SEO plugin v22.3 - https:\/\/yoast.com\/wordpress\/plugins\/seo\/ -->\n<title>Vid\u00e9o \u00e9v\u00e8nementielle - R\u00e9alisation vid\u00e9o publicitaire<\/title>\n<meta name=\"robots\" content=\"index, follow, max-snippet:-1, max-image-preview:large, max-video-preview:-1\" \/>\n<link rel=\"canonical\" href=\"https:\/\/realisation-video-publicitaire.com\/index.php\/prestations\/video-evenementielle\/\" \/>\n<meta property=\"og:locale\" content=\"fr_FR\" \/>\n<meta property=\"og:type\" content=\"article\" \/>\n<meta property=\"og:title\" content=\"Vid\u00e9o \u00e9v\u00e8nementielle - R\u00e9alisation vid\u00e9o publicitaire\" \/>\n<meta property=\"og:url\" content=\"https:\/\/realisation-video-publicitaire.com\/index.php\/prestations\/video-evenementielle\/\" \/>\n<meta property=\"og:site_name\" content=\"R\u00e9alisation vid\u00e9o publicitaire\" \/>\n<meta name=\"twitter:card\" content=\"summary_large_image\" \/>\n<meta name=\"twitter:label1\" content=\"Dur\u00e9e de lecture estim\u00e9e\" \/>\n\t<meta name=\"twitter:data1\" content=\"7 minutes\" \/>\n<script type=\"application\/ld+json\" class=\"yoast-schema-graph\">{\"@context\":\"https:\/\/schema.org\",\"@graph\":[{\"@type\":\"WebPage\",\"@id\":\"https:\/\/realisation-video-publicitaire.com\/index.php\/prestations\/video-evenementielle\/\",\"url\":\"https:\/\/realisation-video-publicitaire.com\/index.php\/prestations\/video-evenementielle\/\",\"name\":\"Vid\u00e9o \u00e9v\u00e8nementielle - R\u00e9alisation vid\u00e9o publicitaire\",\"isPartOf\":{\"@id\":\"https:\/\/realisation-video-publicitaire.com\/#website\"},\"datePublished\":\"2018-12-09T09:35:07+00:00\",\"dateModified\":\"2018-12-09T09:35:07+00:00\",\"breadcrumb\":{\"@id\":\"https:\/\/realisation-video-publicitaire.com\/index.php\/prestations\/video-evenementielle\/#breadcrumb\"},\"inLanguage\":\"fr-FR\",\"potentialAction\":[{\"@type\":\"ReadAction\",\"target\":[\"https:\/\/realisation-video-publicitaire.com\/index.php\/prestations\/video-evenementielle\/\"]}]},{\"@type\":\"BreadcrumbList\",\"@id\":\"https:\/\/realisation-video-publicitaire.com\/index.php\/prestations\/video-evenementielle\/#breadcrumb\",\"itemListElement\":[{\"@type\":\"ListItem\",\"position\":1,\"name\":\"Accueil\",\"item\":\"https:\/\/realisation-video-publicitaire.com\/index.php\/accueil-2\/\"},{\"@type\":\"ListItem\",\"position\":2,\"name\":\"PRESTATIONS\",\"item\":\"https:\/\/realisation-video-publicitaire.com\/index.php\/prestations\/\"},{\"@type\":\"ListItem\",\"position\":3,\"name\":\"Vid\u00e9o \u00e9v\u00e8nementielle\"}]},{\"@type\":\"WebSite\",\"@id\":\"https:\/\/realisation-video-publicitaire.com\/#website\",\"url\":\"https:\/\/realisation-video-publicitaire.com\/\",\"name\":\"R\u00e9alisation vid\u00e9o publicitaire\",\"description\":\"R\u00e9alisation de vid\u00e9os publicitaires\",\"potentialAction\":[{\"@type\":\"SearchAction\",\"target\":{\"@type\":\"EntryPoint\",\"urlTemplate\":\"https:\/\/realisation-video-publicitaire.com\/?s={search_term_string}\"},\"query-input\":\"required name=search_term_string\"}],\"inLanguage\":\"fr-FR\"}]}<\/script>\n<!-- \/ Yoast SEO plugin. -->","yoast_head_json":{"title":"Vid\u00e9o \u00e9v\u00e8nementielle - R\u00e9alisation vid\u00e9o publicitaire","robots":{"index":"index","follow":"follow","max-snippet":"max-snippet:-1","max-image-preview":"max-image-preview:large","max-video-preview":"max-video-preview:-1"},"canonical":"https:\/\/realisation-video-publicitaire.com\/index.php\/prestations\/video-evenementielle\/","og_locale":"fr_FR","og_type":"article","og_title":"Vid\u00e9o \u00e9v\u00e8nementielle - R\u00e9alisation vid\u00e9o publicitaire","og_url":"https:\/\/realisation-video-publicitaire.com\/index.php\/prestations\/video-evenementielle\/","og_site_name":"R\u00e9alisation vid\u00e9o publicitaire","twitter_card":"summary_large_image","twitter_misc":{"Dur\u00e9e de lecture estim\u00e9e":"7 minutes"},"schema":{"@context":"https:\/\/schema.org","@graph":[{"@type":"WebPage","@id":"https:\/\/realisation-video-publicitaire.com\/index.php\/prestations\/video-evenementielle\/","url":"https:\/\/realisation-video-publicitaire.com\/index.php\/prestations\/video-evenementielle\/","name":"Vid\u00e9o \u00e9v\u00e8nementielle - R\u00e9alisation vid\u00e9o publicitaire","isPartOf":{"@id":"https:\/\/realisation-video-publicitaire.com\/#website"},"datePublished":"2018-12-09T09:35:07+00:00","dateModified":"2018-12-09T09:35:07+00:00","breadcrumb":{"@id":"https:\/\/realisation-video-publicitaire.com\/index.php\/prestations\/video-evenementielle\/#breadcrumb"},"inLanguage":"fr-FR","potentialAction":[{"@type":"ReadAction","target":["https:\/\/realisation-video-publicitaire.com\/index.php\/prestations\/video-evenementielle\/"]}]},{"@type":"BreadcrumbList","@id":"https:\/\/realisation-video-publicitaire.com\/index.php\/prestations\/video-evenementielle\/#breadcrumb","itemListElement":[{"@type":"ListItem","position":1,"name":"Accueil","item":"https:\/\/realisation-video-publicitaire.com\/index.php\/accueil-2\/"},{"@type":"ListItem","position":2,"name":"PRESTATIONS","item":"https:\/\/realisation-video-publicitaire.com\/index.php\/prestations\/"},{"@type":"ListItem","position":3,"name":"Vid\u00e9o \u00e9v\u00e8nementielle"}]},{"@type":"WebSite","@id":"https:\/\/realisation-video-publicitaire.com\/#website","url":"https:\/\/realisation-video-publicitaire.com\/","name":"R\u00e9alisation vid\u00e9o publicitaire","description":"R\u00e9alisation de vid\u00e9os publicitaires","potentialAction":[{"@type":"SearchAction","target":{"@type":"EntryPoint","urlTemplate":"https:\/\/realisation-video-publicitaire.com\/?s={search_term_string}"},"query-input":"required name=search_term_string"}],"inLanguage":"fr-FR"}]}},"_links":{"self":[{"href":"https:\/\/realisation-video-publicitaire.com\/index.php\/wp-json\/wp\/v2\/pages\/1080"}],"collection":[{"href":"https:\/\/realisation-video-publicitaire.com\/index.php\/wp-json\/wp\/v2\/pages"}],"about":[{"href":"https:\/\/realisation-video-publicitaire.com\/index.php\/wp-json\/wp\/v2\/types\/page"}],"author":[{"embeddable":true,"href":"https:\/\/realisation-video-publicitaire.com\/index.php\/wp-json\/wp\/v2\/users\/1"}],"replies":[{"embeddable":true,"href":"https:\/\/realisation-video-publicitaire.com\/index.php\/wp-json\/wp\/v2\/comments?post=1080"}],"version-history":[{"count":1,"href":"https:\/\/realisation-video-publicitaire.com\/index.php\/wp-json\/wp\/v2\/pages\/1080\/revisions"}],"predecessor-version":[{"id":1081,"href":"https:\/\/realisation-video-publicitaire.com\/index.php\/wp-json\/wp\/v2\/pages\/1080\/revisions\/1081"}],"up":[{"embeddable":true,"href":"https:\/\/realisation-video-publicitaire.com\/index.php\/wp-json\/wp\/v2\/pages\/1059"}],"wp:attachment":[{"href":"https:\/\/realisation-video-publicitaire.com\/index.php\/wp-json\/wp\/v2\/media?parent=1080"}],"curies":[{"name":"wp","href":"https:\/\/api.w.org\/{rel}","templated":true}]}}