{"id":1059,"date":"2018-12-08T18:40:47","date_gmt":"2018-12-08T17:40:47","guid":{"rendered":"https:\/\/realisation-video-publicitaire.com\/?page_id=1059"},"modified":"2018-12-08T18:43:22","modified_gmt":"2018-12-08T17:43:22","slug":"prestations","status":"publish","type":"page","link":"https:\/\/realisation-video-publicitaire.com\/index.php\/prestations\/","title":{"rendered":"PRESTATIONS"},"content":{"rendered":"\n<style type=\"text\/css\" data-created_by=\"avia_inline_auto\" id=\"style-css-av-fa4z7n-0dce0d702896a9f3c22c496155322dc5\">\n.flex_column.av-fa4z7n-0dce0d702896a9f3c22c496155322dc5{\nborder-radius:0px 0px 0px 0px;\n-webkit-border-radius:0px 0px 0px 0px;\n-moz-border-radius:0px 0px 0px 0px;\n}\n<\/style>\n<div class='flex_column av-fa4z7n-0dce0d702896a9f3c22c496155322dc5 av_one_full  avia-builder-el-0  el_before_av_section  avia-builder-el-no-sibling  first flex_column_div av-zero-column-padding '   ><section  class='av_textblock_section av-jpfqpdrn-c95aaf8717e241f9d9ef8ab27ac93502'  itemscope=\"itemscope\" itemtype=\"https:\/\/schema.org\/CreativeWork\" ><div class='avia_textblock'  itemprop=\"text\" ><p style=\"text-align: justify;\"><span style=\"font-size: 12pt;\">La vid\u00e9o est avant tout notre passion. Nous aurons \u00e0 c\u0153ur de comprendre votre projet dans le but de r\u00e9aliser votre film pour qu\u2019il soit le reflet de votre identit\u00e9 et pour qu\u2019il s\u2019int\u00e8gre parfaitement \u00e0 votre strat\u00e9gie de communication. Tout en vous apportant notre touche cr\u00e9ative, nous vous proposerons des films r\u00e9alis\u00e9s avec les derni\u00e8res technologies et inspir\u00e9es des nouvelles tendances graphiques.<\/span><\/p>\n<p style=\"text-align: justify;\"><strong><span style=\"font-size: 12pt;\">Nous travaillons autant pour les entreprises, collectivit\u00e9 publiques que pour les agences de communication et t\u00e9l\u00e9visions.<\/span><\/strong><\/p>\n<\/div><\/section><\/div>\n<\/div><\/div><\/div><!-- close content main div --><\/div><\/div><div id='av_section_1'  class='avia-section av-dnnkgj-20d6b7b00c453d37c6e70dd5de8e45b4 main_color avia-section-default avia-no-border-styling  avia-builder-el-2  el_after_av_one_full  el_before_av_section  avia-bg-style-scroll container_wrap sidebar_right'  ><div class='container av-section-cont-open' ><div class='template-page content  av-content-small alpha units'><div class='post-entry post-entry-type-page post-entry-1059'><div class='entry-content-wrapper clearfix'>\n\n<style type=\"text\/css\" data-created_by=\"avia_inline_auto\" id=\"style-css-av-1a0eg3-a4a1dbc344a395b9576f05164c2b3c05\">\n.flex_column.av-1a0eg3-a4a1dbc344a395b9576f05164c2b3c05{\nborder-radius:0px 0px 0px 0px;\n-webkit-border-radius:0px 0px 0px 0px;\n-moz-border-radius:0px 0px 0px 0px;\n}\n<\/style>\n<div class='flex_column av-1a0eg3-a4a1dbc344a395b9576f05164c2b3c05 av_one_half  avia-builder-el-3  el_before_av_one_half  avia-builder-el-first  first flex_column_div av-zero-column-padding '   ><style type=\"text\/css\" data-created_by=\"avia_inline_auto\" id=\"style-css-av-b03hv7-b5fb4841ed14b1f818292719b7027fba\">\n.avia-image-container.av-b03hv7-b5fb4841ed14b1f818292719b7027fba .av-image-caption-overlay-center{\ncolor:#ffffff;\n}\n<\/style>\n<div  class='avia-image-container av-b03hv7-b5fb4841ed14b1f818292719b7027fba av-styling- avia-align-center  avia-builder-el-4  avia-builder-el-no-sibling '  itemprop=\"image\" itemscope=\"itemscope\" itemtype=\"https:\/\/schema.org\/ImageObject\" ><div class=\"avia-image-container-inner\"><div class=\"avia-image-overlay-wrap\"><img class='wp-image- avia-img-lazy-loading-not- avia_image' src='https:\/\/realisation-video-publicitaire.com\/wp-content\/themes\/enfold\/config-templatebuilder\/avia-template-builder\/images\/placeholder.jpg' alt='' title=''   itemprop=\"thumbnailUrl\"  \/><\/div><\/div><\/div><\/div>\n<style type=\"text\/css\" data-created_by=\"avia_inline_auto\" id=\"style-css-av-9b8coz-a500fd9929f241f0f58f45e9d68e8356\">\n.flex_column.av-9b8coz-a500fd9929f241f0f58f45e9d68e8356{\nborder-radius:0px 0px 0px 0px;\n-webkit-border-radius:0px 0px 0px 0px;\n-moz-border-radius:0px 0px 0px 0px;\n}\n<\/style>\n<div class='flex_column av-9b8coz-a500fd9929f241f0f58f45e9d68e8356 av_one_half  avia-builder-el-5  el_after_av_one_half  avia-builder-el-last  flex_column_div av-zero-column-padding '   ><section  class='av_textblock_section av-jpfqsxxf-28e96821f72e47dbfb24b03b33980f0b'  itemscope=\"itemscope\" itemtype=\"https:\/\/schema.org\/CreativeWork\" ><div class='avia_textblock'  itemprop=\"text\" ><h3 style=\"text-align: justify;\"><strong>Tournage &amp; captation vid\u00e9os\u00a0<\/strong><\/h3>\n<p style=\"text-align: justify;\">Nous sommes \u00e9quip\u00e9s avec du mat\u00e9riel professionnel innovant et issu des derni\u00e8res technologies (cam\u00e9ra professionnelle 2k et 4k, drone professionnel, slow motion, stabilisateurs, micros, station de montage et d\u2019effets sp\u00e9ciaux). Nous sommes amen\u00e9s \u00e0 louer du mat\u00e9riel suppl\u00e9mentaire si besoin en fonction des projets.<\/p>\n<\/div><\/section><\/div>\n\n<\/div><\/div><\/div><!-- close content main div --><\/div><\/div><div id='av_section_2'  class='avia-section av-qco1v-e5c981d8af87e8b9af7122964eae0afc main_color avia-section-default avia-no-border-styling  avia-builder-el-7  el_after_av_section  el_before_av_section  avia-bg-style-scroll container_wrap sidebar_right'  ><div class='container av-section-cont-open' ><div class='template-page content  av-content-small alpha units'><div class='post-entry post-entry-type-page post-entry-1059'><div class='entry-content-wrapper clearfix'>\n\n<style type=\"text\/css\" data-created_by=\"avia_inline_auto\" id=\"style-css-av-5aznyr-f19f216958aaafbbae5caf6cac9c1403\">\n.flex_column.av-5aznyr-f19f216958aaafbbae5caf6cac9c1403{\nborder-radius:0px 0px 0px 0px;\n-webkit-border-radius:0px 0px 0px 0px;\n-moz-border-radius:0px 0px 0px 0px;\n}\n<\/style>\n<div class='flex_column av-5aznyr-f19f216958aaafbbae5caf6cac9c1403 av_one_half  avia-builder-el-8  el_before_av_one_half  avia-builder-el-first  first flex_column_div av-zero-column-padding '   ><section  class='av_textblock_section av-jpfqsxxf-28e96821f72e47dbfb24b03b33980f0b'  itemscope=\"itemscope\" itemtype=\"https:\/\/schema.org\/CreativeWork\" ><div class='avia_textblock'  itemprop=\"text\" ><h3 style=\"text-align: justify;\"><strong>Montage \/ \u00e9talonnage \/ animation \/ export\u00a0<\/strong><\/h3>\n<p style=\"text-align: justify;\">Nous travaillons ensuite la conception de vos vid\u00e9os en respectant votre charte graphique et la tendance actuelle (d\u00e9rushage, montage, \u00e9talonnage, colorim\u00e9trie, animation \/ motion design, titrages, sound design, exportation) en utilisant les formats les plus adapt\u00e9s \u00e0 votre communication.<\/p>\n<\/div><\/section><\/div>\n<style type=\"text\/css\" data-created_by=\"avia_inline_auto\" id=\"style-css-av-3r44ub-ae785a0f4e73c0abd322aa9083ba7a53\">\n.flex_column.av-3r44ub-ae785a0f4e73c0abd322aa9083ba7a53{\nborder-radius:0px 0px 0px 0px;\n-webkit-border-radius:0px 0px 0px 0px;\n-moz-border-radius:0px 0px 0px 0px;\n}\n<\/style>\n<div class='flex_column av-3r44ub-ae785a0f4e73c0abd322aa9083ba7a53 av_one_half  avia-builder-el-10  el_after_av_one_half  avia-builder-el-last  flex_column_div av-zero-column-padding '   ><style type=\"text\/css\" data-created_by=\"avia_inline_auto\" id=\"style-css-av-2p490j-383422c3ab8d68f0a3955a781d5ceed8\">\n.avia-image-container.av-2p490j-383422c3ab8d68f0a3955a781d5ceed8 .av-image-caption-overlay-center{\ncolor:#ffffff;\n}\n<\/style>\n<div  class='avia-image-container av-2p490j-383422c3ab8d68f0a3955a781d5ceed8 av-styling- avia-align-center  avia-builder-el-11  avia-builder-el-no-sibling '  itemprop=\"image\" itemscope=\"itemscope\" itemtype=\"https:\/\/schema.org\/ImageObject\" ><div class=\"avia-image-container-inner\"><div class=\"avia-image-overlay-wrap\"><img class='wp-image- avia-img-lazy-loading-not- avia_image' src='https:\/\/realisation-video-publicitaire.com\/wp-content\/themes\/enfold\/config-templatebuilder\/avia-template-builder\/images\/placeholder.jpg' alt='' title=''   itemprop=\"thumbnailUrl\"  \/><\/div><\/div><\/div><\/div>\n\n<\/div><\/div><\/div><!-- close content main div --><\/div><\/div><div id='av_section_3'  class='avia-section av-qco1v-e5c981d8af87e8b9af7122964eae0afc main_color avia-section-default avia-no-border-styling  avia-builder-el-12  el_after_av_section  avia-builder-el-last  avia-bg-style-scroll container_wrap sidebar_right'  ><div class='container av-section-cont-open' ><div class='template-page content  av-content-small alpha units'><div class='post-entry post-entry-type-page post-entry-1059'><div class='entry-content-wrapper clearfix'>\n\n<style type=\"text\/css\" data-created_by=\"avia_inline_auto\" id=\"style-css-av-3r44ub-c240a6b2c1637b366a712cda7c113ecb\">\n.flex_column.av-3r44ub-c240a6b2c1637b366a712cda7c113ecb{\nborder-radius:0px 0px 0px 0px;\n-webkit-border-radius:0px 0px 0px 0px;\n-moz-border-radius:0px 0px 0px 0px;\n}\n<\/style>\n<div class='flex_column av-3r44ub-c240a6b2c1637b366a712cda7c113ecb av_one_third  avia-builder-el-13  el_before_av_one_third  avia-builder-el-first  first flex_column_div av-zero-column-padding '   ><style type=\"text\/css\" data-created_by=\"avia_inline_auto\" id=\"style-css-av-2p490j-383422c3ab8d68f0a3955a781d5ceed8\">\n.avia-image-container.av-2p490j-383422c3ab8d68f0a3955a781d5ceed8 .av-image-caption-overlay-center{\ncolor:#ffffff;\n}\n<\/style>\n<div  class='avia-image-container av-2p490j-383422c3ab8d68f0a3955a781d5ceed8 av-styling- avia-align-center  avia-builder-el-14  avia-builder-el-no-sibling '  itemprop=\"image\" itemscope=\"itemscope\" itemtype=\"https:\/\/schema.org\/ImageObject\" ><div class=\"avia-image-container-inner\"><div class=\"avia-image-overlay-wrap\"><img class='wp-image- avia-img-lazy-loading-not- avia_image' src='https:\/\/realisation-video-publicitaire.com\/wp-content\/themes\/enfold\/config-templatebuilder\/avia-template-builder\/images\/placeholder.jpg' alt='' title=''   itemprop=\"thumbnailUrl\"  \/><\/div><\/div><\/div><\/div>\n<style type=\"text\/css\" data-created_by=\"avia_inline_auto\" id=\"style-css-av-3r44ub-ae785a0f4e73c0abd322aa9083ba7a53\">\n.flex_column.av-3r44ub-ae785a0f4e73c0abd322aa9083ba7a53{\nborder-radius:0px 0px 0px 0px;\n-webkit-border-radius:0px 0px 0px 0px;\n-moz-border-radius:0px 0px 0px 0px;\n}\n<\/style>\n<div class='flex_column av-3r44ub-ae785a0f4e73c0abd322aa9083ba7a53 av_one_third  avia-builder-el-15  el_after_av_one_third  el_before_av_one_third  flex_column_div av-zero-column-padding '   ><style type=\"text\/css\" data-created_by=\"avia_inline_auto\" id=\"style-css-av-2p490j-383422c3ab8d68f0a3955a781d5ceed8\">\n.avia-image-container.av-2p490j-383422c3ab8d68f0a3955a781d5ceed8 .av-image-caption-overlay-center{\ncolor:#ffffff;\n}\n<\/style>\n<div  class='avia-image-container av-2p490j-383422c3ab8d68f0a3955a781d5ceed8 av-styling- avia-align-center  avia-builder-el-16  avia-builder-el-no-sibling '  itemprop=\"image\" itemscope=\"itemscope\" itemtype=\"https:\/\/schema.org\/ImageObject\" ><div class=\"avia-image-container-inner\"><div class=\"avia-image-overlay-wrap\"><img class='wp-image- avia-img-lazy-loading-not- avia_image' src='https:\/\/realisation-video-publicitaire.com\/wp-content\/themes\/enfold\/config-templatebuilder\/avia-template-builder\/images\/placeholder.jpg' alt='' title=''   itemprop=\"thumbnailUrl\"  \/><\/div><\/div><\/div><\/div>\n<style type=\"text\/css\" data-created_by=\"avia_inline_auto\" id=\"style-css-av-3r44ub-ae785a0f4e73c0abd322aa9083ba7a53\">\n.flex_column.av-3r44ub-ae785a0f4e73c0abd322aa9083ba7a53{\nborder-radius:0px 0px 0px 0px;\n-webkit-border-radius:0px 0px 0px 0px;\n-moz-border-radius:0px 0px 0px 0px;\n}\n<\/style>\n<div class='flex_column av-3r44ub-ae785a0f4e73c0abd322aa9083ba7a53 av_one_third  avia-builder-el-17  el_after_av_one_third  el_before_av_one_third  flex_column_div av-zero-column-padding '   ><style type=\"text\/css\" data-created_by=\"avia_inline_auto\" id=\"style-css-av-2p490j-383422c3ab8d68f0a3955a781d5ceed8\">\n.avia-image-container.av-2p490j-383422c3ab8d68f0a3955a781d5ceed8 .av-image-caption-overlay-center{\ncolor:#ffffff;\n}\n<\/style>\n<div  class='avia-image-container av-2p490j-383422c3ab8d68f0a3955a781d5ceed8 av-styling- avia-align-center  avia-builder-el-18  avia-builder-el-no-sibling '  itemprop=\"image\" itemscope=\"itemscope\" itemtype=\"https:\/\/schema.org\/ImageObject\" ><div class=\"avia-image-container-inner\"><div class=\"avia-image-overlay-wrap\"><img class='wp-image- avia-img-lazy-loading-not- avia_image' src='https:\/\/realisation-video-publicitaire.com\/wp-content\/themes\/enfold\/config-templatebuilder\/avia-template-builder\/images\/placeholder.jpg' alt='' title=''   itemprop=\"thumbnailUrl\"  \/><\/div><\/div><\/div><\/div>\n<style type=\"text\/css\" data-created_by=\"avia_inline_auto\" id=\"style-css-av-3r44ub-c240a6b2c1637b366a712cda7c113ecb\">\n.flex_column.av-3r44ub-c240a6b2c1637b366a712cda7c113ecb{\nborder-radius:0px 0px 0px 0px;\n-webkit-border-radius:0px 0px 0px 0px;\n-moz-border-radius:0px 0px 0px 0px;\n}\n<\/style>\n<div class='flex_column av-3r44ub-c240a6b2c1637b366a712cda7c113ecb av_one_third  avia-builder-el-19  el_after_av_one_third  el_before_av_one_third  first flex_column_div av-zero-column-padding column-top-margin'   ><style type=\"text\/css\" data-created_by=\"avia_inline_auto\" id=\"style-css-av-2p490j-383422c3ab8d68f0a3955a781d5ceed8\">\n.avia-image-container.av-2p490j-383422c3ab8d68f0a3955a781d5ceed8 .av-image-caption-overlay-center{\ncolor:#ffffff;\n}\n<\/style>\n<div  class='avia-image-container av-2p490j-383422c3ab8d68f0a3955a781d5ceed8 av-styling- avia-align-center  avia-builder-el-20  avia-builder-el-no-sibling '  itemprop=\"image\" itemscope=\"itemscope\" itemtype=\"https:\/\/schema.org\/ImageObject\" ><div class=\"avia-image-container-inner\"><div class=\"avia-image-overlay-wrap\"><img class='wp-image- avia-img-lazy-loading-not- avia_image' src='https:\/\/realisation-video-publicitaire.com\/wp-content\/themes\/enfold\/config-templatebuilder\/avia-template-builder\/images\/placeholder.jpg' alt='' title=''   itemprop=\"thumbnailUrl\"  \/><\/div><\/div><\/div><\/div>\n<style type=\"text\/css\" data-created_by=\"avia_inline_auto\" id=\"style-css-av-3r44ub-ae785a0f4e73c0abd322aa9083ba7a53\">\n.flex_column.av-3r44ub-ae785a0f4e73c0abd322aa9083ba7a53{\nborder-radius:0px 0px 0px 0px;\n-webkit-border-radius:0px 0px 0px 0px;\n-moz-border-radius:0px 0px 0px 0px;\n}\n<\/style>\n<div class='flex_column av-3r44ub-ae785a0f4e73c0abd322aa9083ba7a53 av_one_third  avia-builder-el-21  el_after_av_one_third  avia-builder-el-last  flex_column_div av-zero-column-padding column-top-margin'   ><style type=\"text\/css\" data-created_by=\"avia_inline_auto\" id=\"style-css-av-2p490j-383422c3ab8d68f0a3955a781d5ceed8\">\n.avia-image-container.av-2p490j-383422c3ab8d68f0a3955a781d5ceed8 .av-image-caption-overlay-center{\ncolor:#ffffff;\n}\n<\/style>\n<div  class='avia-image-container av-2p490j-383422c3ab8d68f0a3955a781d5ceed8 av-styling- avia-align-center  avia-builder-el-22  avia-builder-el-no-sibling '  itemprop=\"image\" itemscope=\"itemscope\" itemtype=\"https:\/\/schema.org\/ImageObject\" ><div class=\"avia-image-container-inner\"><div class=\"avia-image-overlay-wrap\"><img class='wp-image- avia-img-lazy-loading-not- avia_image' src='https:\/\/realisation-video-publicitaire.com\/wp-content\/themes\/enfold\/config-templatebuilder\/avia-template-builder\/images\/placeholder.jpg' alt='' title=''   itemprop=\"thumbnailUrl\"  \/><\/div><\/div><\/div><\/div><\/div><\/div><\/div><!-- close content main div --><\/div><\/div><div id='after_section_3'  class='main_color av_default_container_wrap container_wrap sidebar_right'  ><div class='container av-section-cont-open' ><div class='template-page content  av-content-small alpha units'><div class='post-entry post-entry-type-page post-entry-1059'><div class='entry-content-wrapper clearfix'>\n","protected":false},"excerpt":{"rendered":"","protected":false},"author":1,"featured_media":0,"parent":0,"menu_order":0,"comment_status":"closed","ping_status":"closed","template":"","meta":{"om_disable_all_campaigns":false,"_monsterinsights_skip_tracking":false,"_monsterinsights_sitenote_active":false,"_monsterinsights_sitenote_note":"","_monsterinsights_sitenote_category":0,"_uf_show_specific_survey":0,"_uf_disable_surveys":false,"footnotes":""},"aioseo_notices":[],"yoast_head":"<!-- This site is optimized with the Yoast SEO plugin v22.3 - https:\/\/yoast.com\/wordpress\/plugins\/seo\/ -->\n<title>PRESTATIONS - R\u00e9alisation vid\u00e9o publicitaire<\/title>\n<meta name=\"robots\" content=\"index, follow, max-snippet:-1, max-image-preview:large, max-video-preview:-1\" \/>\n<link rel=\"canonical\" href=\"https:\/\/realisation-video-publicitaire.com\/index.php\/prestations\/\" \/>\n<meta property=\"og:locale\" content=\"fr_FR\" \/>\n<meta property=\"og:type\" content=\"article\" \/>\n<meta property=\"og:title\" content=\"PRESTATIONS - R\u00e9alisation vid\u00e9o publicitaire\" \/>\n<meta property=\"og:url\" content=\"https:\/\/realisation-video-publicitaire.com\/index.php\/prestations\/\" \/>\n<meta property=\"og:site_name\" content=\"R\u00e9alisation vid\u00e9o publicitaire\" \/>\n<meta property=\"article:modified_time\" content=\"2018-12-08T17:43:22+00:00\" \/>\n<meta name=\"twitter:card\" content=\"summary_large_image\" \/>\n<meta name=\"twitter:label1\" content=\"Dur\u00e9e de lecture estim\u00e9e\" \/>\n\t<meta name=\"twitter:data1\" content=\"9 minutes\" \/>\n<script type=\"application\/ld+json\" class=\"yoast-schema-graph\">{\"@context\":\"https:\/\/schema.org\",\"@graph\":[{\"@type\":\"WebPage\",\"@id\":\"https:\/\/realisation-video-publicitaire.com\/index.php\/prestations\/\",\"url\":\"https:\/\/realisation-video-publicitaire.com\/index.php\/prestations\/\",\"name\":\"PRESTATIONS - R\u00e9alisation vid\u00e9o publicitaire\",\"isPartOf\":{\"@id\":\"https:\/\/realisation-video-publicitaire.com\/#website\"},\"datePublished\":\"2018-12-08T17:40:47+00:00\",\"dateModified\":\"2018-12-08T17:43:22+00:00\",\"breadcrumb\":{\"@id\":\"https:\/\/realisation-video-publicitaire.com\/index.php\/prestations\/#breadcrumb\"},\"inLanguage\":\"fr-FR\",\"potentialAction\":[{\"@type\":\"ReadAction\",\"target\":[\"https:\/\/realisation-video-publicitaire.com\/index.php\/prestations\/\"]}]},{\"@type\":\"BreadcrumbList\",\"@id\":\"https:\/\/realisation-video-publicitaire.com\/index.php\/prestations\/#breadcrumb\",\"itemListElement\":[{\"@type\":\"ListItem\",\"position\":1,\"name\":\"Accueil\",\"item\":\"https:\/\/realisation-video-publicitaire.com\/index.php\/accueil-2\/\"},{\"@type\":\"ListItem\",\"position\":2,\"name\":\"PRESTATIONS\"}]},{\"@type\":\"WebSite\",\"@id\":\"https:\/\/realisation-video-publicitaire.com\/#website\",\"url\":\"https:\/\/realisation-video-publicitaire.com\/\",\"name\":\"R\u00e9alisation vid\u00e9o publicitaire\",\"description\":\"R\u00e9alisation de vid\u00e9os publicitaires\",\"potentialAction\":[{\"@type\":\"SearchAction\",\"target\":{\"@type\":\"EntryPoint\",\"urlTemplate\":\"https:\/\/realisation-video-publicitaire.com\/?s={search_term_string}\"},\"query-input\":\"required name=search_term_string\"}],\"inLanguage\":\"fr-FR\"}]}<\/script>\n<!-- \/ Yoast SEO plugin. -->","yoast_head_json":{"title":"PRESTATIONS - R\u00e9alisation vid\u00e9o publicitaire","robots":{"index":"index","follow":"follow","max-snippet":"max-snippet:-1","max-image-preview":"max-image-preview:large","max-video-preview":"max-video-preview:-1"},"canonical":"https:\/\/realisation-video-publicitaire.com\/index.php\/prestations\/","og_locale":"fr_FR","og_type":"article","og_title":"PRESTATIONS - R\u00e9alisation vid\u00e9o publicitaire","og_url":"https:\/\/realisation-video-publicitaire.com\/index.php\/prestations\/","og_site_name":"R\u00e9alisation vid\u00e9o publicitaire","article_modified_time":"2018-12-08T17:43:22+00:00","twitter_card":"summary_large_image","twitter_misc":{"Dur\u00e9e de lecture estim\u00e9e":"9 minutes"},"schema":{"@context":"https:\/\/schema.org","@graph":[{"@type":"WebPage","@id":"https:\/\/realisation-video-publicitaire.com\/index.php\/prestations\/","url":"https:\/\/realisation-video-publicitaire.com\/index.php\/prestations\/","name":"PRESTATIONS - R\u00e9alisation vid\u00e9o publicitaire","isPartOf":{"@id":"https:\/\/realisation-video-publicitaire.com\/#website"},"datePublished":"2018-12-08T17:40:47+00:00","dateModified":"2018-12-08T17:43:22+00:00","breadcrumb":{"@id":"https:\/\/realisation-video-publicitaire.com\/index.php\/prestations\/#breadcrumb"},"inLanguage":"fr-FR","potentialAction":[{"@type":"ReadAction","target":["https:\/\/realisation-video-publicitaire.com\/index.php\/prestations\/"]}]},{"@type":"BreadcrumbList","@id":"https:\/\/realisation-video-publicitaire.com\/index.php\/prestations\/#breadcrumb","itemListElement":[{"@type":"ListItem","position":1,"name":"Accueil","item":"https:\/\/realisation-video-publicitaire.com\/index.php\/accueil-2\/"},{"@type":"ListItem","position":2,"name":"PRESTATIONS"}]},{"@type":"WebSite","@id":"https:\/\/realisation-video-publicitaire.com\/#website","url":"https:\/\/realisation-video-publicitaire.com\/","name":"R\u00e9alisation vid\u00e9o publicitaire","description":"R\u00e9alisation de vid\u00e9os publicitaires","potentialAction":[{"@type":"SearchAction","target":{"@type":"EntryPoint","urlTemplate":"https:\/\/realisation-video-publicitaire.com\/?s={search_term_string}"},"query-input":"required name=search_term_string"}],"inLanguage":"fr-FR"}]}},"_links":{"self":[{"href":"https:\/\/realisation-video-publicitaire.com\/index.php\/wp-json\/wp\/v2\/pages\/1059"}],"collection":[{"href":"https:\/\/realisation-video-publicitaire.com\/index.php\/wp-json\/wp\/v2\/pages"}],"about":[{"href":"https:\/\/realisation-video-publicitaire.com\/index.php\/wp-json\/wp\/v2\/types\/page"}],"author":[{"embeddable":true,"href":"https:\/\/realisation-video-publicitaire.com\/index.php\/wp-json\/wp\/v2\/users\/1"}],"replies":[{"embeddable":true,"href":"https:\/\/realisation-video-publicitaire.com\/index.php\/wp-json\/wp\/v2\/comments?post=1059"}],"version-history":[{"count":3,"href":"https:\/\/realisation-video-publicitaire.com\/index.php\/wp-json\/wp\/v2\/pages\/1059\/revisions"}],"predecessor-version":[{"id":1062,"href":"https:\/\/realisation-video-publicitaire.com\/index.php\/wp-json\/wp\/v2\/pages\/1059\/revisions\/1062"}],"wp:attachment":[{"href":"https:\/\/realisation-video-publicitaire.com\/index.php\/wp-json\/wp\/v2\/media?parent=1059"}],"curies":[{"name":"wp","href":"https:\/\/api.w.org\/{rel}","templated":true}]}}